{"id":8,"date":"2017-05-24T11:14:22","date_gmt":"2017-05-24T11:14:22","guid":{"rendered":"http:\/\/www.tiefbau-boehm.de\/?page_id=8"},"modified":"2021-02-18T07:24:22","modified_gmt":"2021-02-18T07:24:22","slug":"start","status":"publish","type":"page","link":"https:\/\/www.tiefbau-boehm.de\/","title":{"rendered":"Herzlich willkommen"},"content":{"rendered":"<h1>bei der Tiefbau B\u00f6hm GmbH &amp; Co. KG<\/h1>\n<p>Wir \u00fcbernehmen die Ausf\u00fchrung aller Arbeiten vom Aufbruch, Aushub, Entw\u00e4sserung\u00a0bis zu fertig hergestellten Oberfl\u00e4chen in Naturstein, Beton oder Asphalt.<br \/>\nBitte rufen Sie uns einfach unter 0371 \/ 266 740 an oder schreiben uns unter <a href=\"mailto:info@tiefbau-boehm.de\">info@tiefbau-boehm.de<\/a><\/p>\n","protected":false},"excerpt":{"rendered":"<p>bei der Tiefbau B\u00f6hm GmbH &amp; Co. KG Wir \u00fcbernehmen die Ausf\u00fchrung aller Arbeiten vom Aufbruch, Aushub, Entw\u00e4sserung\u00a0bis zu fertig hergestellten Oberfl\u00e4chen in Naturstein, Beton <a class=\"more-link\" href=\"https:\/\/www.tiefbau-boehm.de\/\">Weiterlesen&#8230;<\/a><\/p>\n","protected":false},"author":1,"featured_media":221,"parent":0,"menu_order":0,"comment_status":"closed","ping_status":"closed","template":"","meta":{"footnotes":""},"class_list":["post-8","page","type-page","status-publish","has-post-thumbnail","hentry"],"_links":{"self":[{"href":"https:\/\/www.tiefbau-boehm.de\/index.php?rest_route=\/wp\/v2\/pages\/8","targetHints":{"allow":["GET"]}}],"collection":[{"href":"https:\/\/www.tiefbau-boehm.de\/index.php?rest_route=\/wp\/v2\/pages"}],"about":[{"href":"https:\/\/www.tiefbau-boehm.de\/index.php?rest_route=\/wp\/v2\/types\/page"}],"author":[{"embeddable":true,"href":"https:\/\/www.tiefbau-boehm.de\/index.php?rest_route=\/wp\/v2\/users\/1"}],"replies":[{"embeddable":true,"href":"https:\/\/www.tiefbau-boehm.de\/index.php?rest_route=%2Fwp%2Fv2%2Fcomments&post=8"}],"version-history":[{"count":8,"href":"https:\/\/www.tiefbau-boehm.de\/index.php?rest_route=\/wp\/v2\/pages\/8\/revisions"}],"predecessor-version":[{"id":265,"href":"https:\/\/www.tiefbau-boehm.de\/index.php?rest_route=\/wp\/v2\/pages\/8\/revisions\/265"}],"wp:featuredmedia":[{"embeddable":true,"href":"https:\/\/www.tiefbau-boehm.de\/index.php?rest_route=\/wp\/v2\/media\/221"}],"wp:attachment":[{"href":"https:\/\/www.tiefbau-boehm.de\/index.php?rest_route=%2Fwp%2Fv2%2Fmedia&parent=8"}],"curies":[{"name":"wp","href":"https:\/\/api.w.org\/{rel}","templated":true}]}}