{"id":30,"date":"2017-05-24T11:11:35","date_gmt":"2017-05-24T11:11:35","guid":{"rendered":"http:\/\/www.tiefbau-boehm.de\/?page_id=30"},"modified":"2024-09-06T06:31:05","modified_gmt":"2024-09-06T06:31:05","slug":"impressum","status":"publish","type":"page","link":"https:\/\/www.tiefbau-boehm.de\/?page_id=30","title":{"rendered":"Impressum und Kontakt"},"content":{"rendered":"<hr \/>\n<p>Tiefbau B\u00f6hm GmbH &amp; Co. KG<br \/>\nChemnitzer Str. 11 A<br \/>\n09123 Chemnitz OT Klaffenbach<br \/>\nFon: 0371 \/ 266 74 0<br \/>\nFax: 0371 \/ 266 74 40<\/p>\n<p>Gesch\u00e4ftsf\u00fchrer: Udo B\u00f6hm<br \/>\nHandelsregister: Amtsgericht Chemnitz HRA 5556<br \/>\nUmsatzsteuer-Identifikationsnummer: DE 244075778<br \/>\nWir freuen uns \u00fcber Ihre Anfrage unter: <a href=\"mailto:info@tiefbau-boehm.de\">info@tiefbau-boehm.de<\/a><\/p>\n<p>Bildnachweis: Das Copyright an allen verwendeten Aufnahmen liegt bei Tiefbau B\u00f6hm GmbH &amp; Co. KG.<\/p>\n<p><iframe loading=\"lazy\" style=\"border: 0;\" src=\"https:\/\/www.google.com\/maps\/embed?pb=!1m18!1m12!1m3!1d2523.002351654852!2d12.896771316118373!3d50.775529979521664!2m3!1f0!2f0!3f0!3m2!1i1024!2i768!4f13.1!3m3!1m2!1s0x47a748ea78b05ffd{848e7b2cd87dfac7a56b5bbb7b46110c4313c09d2b15eff011e312c3deb3ff8f}3A0x828b0d57174f3ad7!2sTiefbau+B{848e7b2cd87dfac7a56b5bbb7b46110c4313c09d2b15eff011e312c3deb3ff8f}C3{848e7b2cd87dfac7a56b5bbb7b46110c4313c09d2b15eff011e312c3deb3ff8f}B6hm+GmbH+{848e7b2cd87dfac7a56b5bbb7b46110c4313c09d2b15eff011e312c3deb3ff8f}26+Co.+KG!5e0!3m2!1sde!2sde!4v1495624744875\" width=\"1200\" height=\"450\" frameborder=\"0\" allowfullscreen=\"allowfullscreen\"><\/iframe><\/p>\n<h1>Verweise und Externe Links<\/h1>\n<p>Bei direkten oder indirekten Verweisen auf fremde Internetseiten (&#8222;Links&#8220;), die au\u00dferhalb des Verantwortungsbereiches von Tiefbau B\u00f6hm GmbH &amp; Co. KG(folgend Anbieter genannt) liegen, w\u00fcrde eine Haftungsverpflichtung ausschlie\u00dflich in dem Fall in Kraft treten, in dem der Anbieter von den Inhalten Kenntnis hat und es dem Anbieter technisch m\u00f6glich und zumutbar w\u00e4re, die Nutzung im Falle rechtswidriger Inhalte zu verhindern. Der Anbieter erkl\u00e4rt daher ausdr\u00fccklich, dass zum Zeitpunkt der Linksetzung die entsprechenden verlinkten Seiten frei von illegalen Inhalten waren. Der Anbieter hat keinerlei Einfluss auf die aktuelle und zuk\u00fcnftige Gestaltung und auf die Inhalte der gelinkten\/verkn\u00fcpften Seiten. Deshalb distanziert der Anbieter sich hiermit ausdr\u00fccklich von allen Inhalten aller gelinkten\/verkn\u00fcpften Seiten, die nach der Linksetzung ver\u00e4ndert wurden. Diese Feststellung gilt f\u00fcr alle innerhalb des eigenen Internetangebotes gesetzten Links und Verweise. F\u00fcr illegale, fehlerhafte oder unvollst\u00e4ndige Inhalte und insbesondere f\u00fcr Sch\u00e4den, die aus der Nutzung oder Nichtnutzung solcherart dargebotener Informationen entstehen, haftet allein der Betreiber der Seite, auf welche verwiesen wurde, nicht derjenige, der \u00fcber Links auf die jeweilige Ver\u00f6ffentlichung lediglich verweist.<\/p>\n<h1>Unverbindlichkeit der Informationen<\/h1>\n<p>Die Inhalte dieser Webseite sind frei nutzbar und dienen ausschlie\u00dflich der Information. Es kommen durch die Nutzung der Auswahlm\u00f6glichkeiten der Webseite keinerlei Rechtsgesch\u00e4fte zwischen der Eigent\u00fcmerin und den Nutzern zustande. Die weitere Vorgehensweise zwischen Anbietern und Nutzern und der m\u00f6gliche sp\u00e4tere Abschluss von Vertr\u00e4gen zwischen Anbietern und Nutzern liegt im ausschlie\u00dflichen Ermessen der Nutzer. Die Inhalte dieser Website sind sorgf\u00e4ltig recherchiert. Gleichwohl kann der Anbieter keine Haftung f\u00fcr die Richtigkeit, Vollst\u00e4ndigkeit und Aktualit\u00e4t der bereit gestellten Informationen, Daten und Zeitangaben \u00fcbernehmen. Haftungsanspr\u00fcche gegen den Anbieter, welche sich auf Sch\u00e4den materieller oder ideeller Art beziehen, die durch die Nutzung oder Nichtnutzung der dargebotenen Informationen bzw. durch die Nutzung fehlerhafter und unvollst\u00e4ndiger Informationen verursacht wurden, sind grunds\u00e4tzlich ausgeschlossen, sofern seitens des Anbieter kein nachweislich vors\u00e4tzliches oder grob fahrl\u00e4ssiges Verschulden vorliegt.<\/p>\n<h1>Urheberrechtshinweis \/ Copyright<\/h1>\n<p>Die auf dieser Internetseite ver\u00f6ffentlichten Beitr\u00e4ge und Abbildungen sind urheberrechtlich gesch\u00fctzt. Jede vom Urheberrechtsgesetz nicht zugelassene Verwertung bedarf vorheriger schriftlicher Zustimmung des Anbieters. Dies gilt insbesondere f\u00fcr Vervielf\u00e4ltigung, Bearbeitung, \u00dcbersetzung, Einspeicherung, Verarbeitung bzw. Wiedergabe von Inhalten in Datenbanken oder anderen elektronischen Medien und Systemen. Fotokopien und Downloads von Web-Sites d\u00fcrfen nur f\u00fcr den pers\u00f6nlichen, privaten und nicht kommerziellen Gebrauch hergestellt werden.<\/p>\n<h1>Rechtswirksamkeit dieses Haftungsausschlusses<\/h1>\n<p>Dieser Haftungsausschluss ist als Teil des Internetangebotes zu betrachten, von dem aus auf diese Seite verwiesen wurde. Sofern Teile oder einzelne Formulierungen dieses Textes der geltenden Rechtslage nicht, nicht mehr oder nicht vollst\u00e4ndig entsprechen sollten, bleiben die \u00fcbrigen Teile des Dokumentes in ihrem Inhalt und ihrer G\u00fcltigkeit davon unber\u00fchrt.<\/p>\n","protected":false},"excerpt":{"rendered":"<p>Tiefbau B\u00f6hm GmbH &amp; Co. KG Chemnitzer Str. 11 A 09123 Chemnitz OT Klaffenbach Fon: 0371 \/ 266 74 0 Fax: 0371 \/ 266 74 <a class=\"more-link\" href=\"https:\/\/www.tiefbau-boehm.de\/?page_id=30\">Weiterlesen&#8230;<\/a><\/p>\n","protected":false},"author":1,"featured_media":0,"parent":0,"menu_order":4,"comment_status":"closed","ping_status":"closed","template":"","meta":{"footnotes":""},"class_list":["post-30","page","type-page","status-publish","hentry"],"_links":{"self":[{"href":"https:\/\/www.tiefbau-boehm.de\/index.php?rest_route=\/wp\/v2\/pages\/30","targetHints":{"allow":["GET"]}}],"collection":[{"href":"https:\/\/www.tiefbau-boehm.de\/index.php?rest_route=\/wp\/v2\/pages"}],"about":[{"href":"https:\/\/www.tiefbau-boehm.de\/index.php?rest_route=\/wp\/v2\/types\/page"}],"author":[{"embeddable":true,"href":"https:\/\/www.tiefbau-boehm.de\/index.php?rest_route=\/wp\/v2\/users\/1"}],"replies":[{"embeddable":true,"href":"https:\/\/www.tiefbau-boehm.de\/index.php?rest_route=%2Fwp%2Fv2%2Fcomments&post=30"}],"version-history":[{"count":9,"href":"https:\/\/www.tiefbau-boehm.de\/index.php?rest_route=\/wp\/v2\/pages\/30\/revisions"}],"predecessor-version":[{"id":278,"href":"https:\/\/www.tiefbau-boehm.de\/index.php?rest_route=\/wp\/v2\/pages\/30\/revisions\/278"}],"wp:attachment":[{"href":"https:\/\/www.tiefbau-boehm.de\/index.php?rest_route=%2Fwp%2Fv2%2Fmedia&parent=30"}],"curies":[{"name":"wp","href":"https:\/\/api.w.org\/{rel}","templated":true}]}}