{"id":25,"date":"2017-05-24T11:08:47","date_gmt":"2017-05-24T11:08:47","guid":{"rendered":"http:\/\/www.tiefbau-boehm.de\/?page_id=25"},"modified":"2021-02-18T10:10:33","modified_gmt":"2021-02-18T10:10:33","slug":"ueber-uns-2","status":"publish","type":"page","link":"https:\/\/www.tiefbau-boehm.de\/?page_id=25","title":{"rendered":"\u00dcber uns"},"content":{"rendered":"<p>&nbsp;<\/p>\n<hr \/>\n<p><img loading=\"lazy\" decoding=\"async\" class=\"alignleft wp-image-94 size-full\" src=\"https:\/\/www.tiefbau-boehm.de\/wp-content\/uploads\/2017\/05\/Udo_Boehm.jpg\" alt=\"\" width=\"177\" height=\"177\" srcset=\"https:\/\/www.tiefbau-boehm.de\/wp-content\/uploads\/2017\/05\/Udo_Boehm.jpg 177w, https:\/\/www.tiefbau-boehm.de\/wp-content\/uploads\/2017\/05\/Udo_Boehm-150x150.jpg 150w, https:\/\/www.tiefbau-boehm.de\/wp-content\/uploads\/2017\/05\/Udo_Boehm-174x174.jpg 174w\" sizes=\"auto, (max-width: 177px) 100vw, 177px\" \/><br \/>\nDie Firma Tiefbau B\u00f6hm wurde 1969 von Herrn Dipl.-Ing.-(FH) Aribert B\u00f6hm gegr\u00fcndet. Im September 2005 wurde die Firma umfirmiert in Tiefbau B\u00f6hm GmbH &amp; Co. KG und arbeitet unter Leitung von Herrn Udo B\u00f6hm derzeitig mit 12 Besch\u00e4ftigten.<\/p>\n<p>&nbsp;<\/p>\n<p>&nbsp;<\/p>\n<p>&nbsp;<\/p>\n<hr \/>\n<p><a href=\"https:\/\/www.tiefbau-boehm.de\/wp-content\/uploads\/2018\/06\/Meisterbrief-Udo-B\u00f6hm.jpg\" rel=\"lightbox[25]\"><img loading=\"lazy\" decoding=\"async\" class=\"wp-image-290 alignnone\" src=\"https:\/\/www.tiefbau-boehm.de\/wp-content\/uploads\/2018\/06\/Meisterbrief-Udo-B\u00f6hm-150x150.jpg\" alt=\"\" width=\"177\" height=\"250\" srcset=\"https:\/\/www.tiefbau-boehm.de\/wp-content\/uploads\/2018\/06\/Meisterbrief-Udo-B\u00f6hm-212x300.jpg 212w, https:\/\/www.tiefbau-boehm.de\/wp-content\/uploads\/2018\/06\/Meisterbrief-Udo-B\u00f6hm-768x1086.jpg 768w, https:\/\/www.tiefbau-boehm.de\/wp-content\/uploads\/2018\/06\/Meisterbrief-Udo-B\u00f6hm-724x1024.jpg 724w, https:\/\/www.tiefbau-boehm.de\/wp-content\/uploads\/2018\/06\/Meisterbrief-Udo-B\u00f6hm.jpg 1122w\" sizes=\"auto, (max-width: 177px) 100vw, 177px\" \/><\/a><\/p>\n<h4><\/h4>\n<hr \/>\n<h4>Folgende technische Ausr\u00fcstung steht Ihnen zur Verf\u00fcgung:<\/h4>\n<p>1 x LKW Mercedes-Benz MB 1824<br \/>\n1 x LKW MAN TGL 8.180<br \/>\n1 x Caddy<br \/>\n2 x Transporter<br \/>\n2 x Kompaktlader<br \/>\n1 x Radlader Kramer 480<br \/>\n1 x Mobilbagger ATLAS 1004<br \/>\n1 x Bagger Hitachi ZX-52 U-3<br \/>\n1x Bagger Hitachi 35<br \/>\n1 x Bagger Hitachi ZX-27 U-2<br \/>\n1 x Pflasterverlegemaschine<br \/>\nsowie sonstige technische Ausr\u00fcstungen und Verdichtungstechnik<\/p>\n","protected":false},"excerpt":{"rendered":"<p>&nbsp; Die Firma Tiefbau B\u00f6hm wurde 1969 von Herrn Dipl.-Ing.-(FH) Aribert B\u00f6hm gegr\u00fcndet. Im September 2005 wurde die Firma umfirmiert in Tiefbau B\u00f6hm GmbH &amp; <a class=\"more-link\" href=\"https:\/\/www.tiefbau-boehm.de\/?page_id=25\">Weiterlesen&#8230;<\/a><\/p>\n","protected":false},"author":1,"featured_media":252,"parent":0,"menu_order":1,"comment_status":"closed","ping_status":"closed","template":"","meta":{"footnotes":""},"class_list":["post-25","page","type-page","status-publish","has-post-thumbnail","hentry"],"_links":{"self":[{"href":"https:\/\/www.tiefbau-boehm.de\/index.php?rest_route=\/wp\/v2\/pages\/25","targetHints":{"allow":["GET"]}}],"collection":[{"href":"https:\/\/www.tiefbau-boehm.de\/index.php?rest_route=\/wp\/v2\/pages"}],"about":[{"href":"https:\/\/www.tiefbau-boehm.de\/index.php?rest_route=\/wp\/v2\/types\/page"}],"author":[{"embeddable":true,"href":"https:\/\/www.tiefbau-boehm.de\/index.php?rest_route=\/wp\/v2\/users\/1"}],"replies":[{"embeddable":true,"href":"https:\/\/www.tiefbau-boehm.de\/index.php?rest_route=%2Fwp%2Fv2%2Fcomments&post=25"}],"version-history":[{"count":26,"href":"https:\/\/www.tiefbau-boehm.de\/index.php?rest_route=\/wp\/v2\/pages\/25\/revisions"}],"predecessor-version":[{"id":328,"href":"https:\/\/www.tiefbau-boehm.de\/index.php?rest_route=\/wp\/v2\/pages\/25\/revisions\/328"}],"wp:featuredmedia":[{"embeddable":true,"href":"https:\/\/www.tiefbau-boehm.de\/index.php?rest_route=\/wp\/v2\/media\/252"}],"wp:attachment":[{"href":"https:\/\/www.tiefbau-boehm.de\/index.php?rest_route=%2Fwp%2Fv2%2Fmedia&parent=25"}],"curies":[{"name":"wp","href":"https:\/\/api.w.org\/{rel}","templated":true}]}}